{"id":34231,"date":"2026-04-09T12:37:39","date_gmt":"2026-04-09T12:37:39","guid":{"rendered":"https:\/\/perello1898.com\/producte\/25-guindilla-vasca-135-g-perello-1898\/"},"modified":"2026-04-09T12:49:19","modified_gmt":"2026-04-09T12:49:19","slug":"guindilla-vasca-135-g-perell%c3%b3-1898","status":"publish","type":"product","link":"https:\/\/perello1898.com\/es\/producto\/guindilla-vasca-135-g-perell%c3%b3-1898\/","title":{"rendered":"Guindilla Vasca (135 g) Perell\u00f3 1898"},"content":{"rendered":"<p>Nuestras aceitunas y encurtidos provienen de las mejores denominaciones de origen. Seleccionamos siempre los de mayor calidad y calibre, y los recogemos en su punto \u00f3ptimo de maduraci\u00f3n. Tras encurtirlos, los acompa\u00f1amos con el ali\u00f1o m\u00e1s adecuado en cada caso.<\/p>\n","protected":false},"excerpt":{"rendered":"<p>Piparras de origen vasco, conservadas en vinagre. Textura crujiente.<br \/>\nCategor\u00eda: Calidad primera.<br \/>\nPresentaci\u00f3n: 390 g (150 g peso neto escurrido)<\/p>\n","protected":false},"featured_media":34227,"template":"","meta":[],"product_brand":[],"product_cat":[1173],"product_tag":[],"class_list":{"0":"post-34231","1":"product","2":"type-product","3":"status-publish","4":"has-post-thumbnail","6":"product_cat-aperitivos","8":"first","9":"instock","10":"shipping-taxable","11":"purchasable","12":"product-type-simple"},"yoast_head":"<!-- This site is optimized with the Yoast SEO plugin v27.4 - https:\/\/yoast.com\/product\/yoast-seo-wordpress\/ -->\n<title>Guindilla Vasca (135 g) Perell\u00f3 1898 - Perello 1898<\/title>\n<meta name=\"robots\" content=\"index, follow, max-snippet:-1, max-image-preview:large, max-video-preview:-1\" \/>\n<link rel=\"canonical\" href=\"https:\/\/perello1898.com\/es\/producto\/guindilla-vasca-135-g-perell\u00f3-1898\/\" \/>\n<meta property=\"og:locale\" content=\"es_ES\" \/>\n<meta property=\"og:type\" content=\"article\" \/>\n<meta property=\"og:title\" content=\"Guindilla Vasca (135 g) Perell\u00f3 1898 - Perello 1898\" \/>\n<meta property=\"og:description\" content=\"Piparras de origen vasco, conservadas en vinagre. Textura crujiente. Categor\u00eda: Calidad primera. Presentaci\u00f3n: 390 g (150 g peso neto escurrido)\" \/>\n<meta property=\"og:url\" content=\"https:\/\/perello1898.com\/es\/producto\/guindilla-vasca-135-g-perell\u00f3-1898\/\" \/>\n<meta property=\"og:site_name\" content=\"Perello 1898\" \/>\n<meta property=\"article:publisher\" content=\"https:\/\/facebook.com\/perello1898\" \/>\n<meta property=\"article:modified_time\" content=\"2026-04-09T12:49:19+00:00\" \/>\n<meta property=\"og:image\" content=\"https:\/\/perello1898.com\/wp-content\/uploads\/2026\/04\/piparra-vasca-vidre-135-g-perello-14-37-30.jpg\" \/>\n\t<meta property=\"og:image:width\" content=\"1000\" \/>\n\t<meta property=\"og:image:height\" content=\"1000\" \/>\n\t<meta property=\"og:image:type\" content=\"image\/jpeg\" \/>\n<meta name=\"twitter:card\" content=\"summary_large_image\" \/>\n<script type=\"application\/ld+json\" class=\"yoast-schema-graph\">{\"@context\":\"https:\\\/\\\/schema.org\",\"@graph\":[{\"@type\":\"WebPage\",\"@id\":\"https:\\\/\\\/perello1898.com\\\/es\\\/producto\\\/guindilla-vasca-135-g-perell%c3%b3-1898\\\/\",\"url\":\"https:\\\/\\\/perello1898.com\\\/es\\\/producto\\\/guindilla-vasca-135-g-perell%c3%b3-1898\\\/\",\"name\":\"Guindilla Vasca (135 g) Perell\u00f3 1898 - Perello 1898\",\"isPartOf\":{\"@id\":\"https:\\\/\\\/perello1898.com\\\/es\\\/#website\"},\"primaryImageOfPage\":{\"@id\":\"https:\\\/\\\/perello1898.com\\\/es\\\/producto\\\/guindilla-vasca-135-g-perell%c3%b3-1898\\\/#primaryimage\"},\"image\":{\"@id\":\"https:\\\/\\\/perello1898.com\\\/es\\\/producto\\\/guindilla-vasca-135-g-perell%c3%b3-1898\\\/#primaryimage\"},\"thumbnailUrl\":\"https:\\\/\\\/perello1898.com\\\/wp-content\\\/uploads\\\/2026\\\/04\\\/piparra-vasca-vidre-135-g-perello-14-37-30.jpg\",\"datePublished\":\"2026-04-09T12:37:39+00:00\",\"dateModified\":\"2026-04-09T12:49:19+00:00\",\"breadcrumb\":{\"@id\":\"https:\\\/\\\/perello1898.com\\\/es\\\/producto\\\/guindilla-vasca-135-g-perell%c3%b3-1898\\\/#breadcrumb\"},\"inLanguage\":\"es\",\"potentialAction\":[{\"@type\":\"ReadAction\",\"target\":[\"https:\\\/\\\/perello1898.com\\\/es\\\/producto\\\/guindilla-vasca-135-g-perell%c3%b3-1898\\\/\"]}]},{\"@type\":\"ImageObject\",\"inLanguage\":\"es\",\"@id\":\"https:\\\/\\\/perello1898.com\\\/es\\\/producto\\\/guindilla-vasca-135-g-perell%c3%b3-1898\\\/#primaryimage\",\"url\":\"https:\\\/\\\/perello1898.com\\\/wp-content\\\/uploads\\\/2026\\\/04\\\/piparra-vasca-vidre-135-g-perello-14-37-30.jpg\",\"contentUrl\":\"https:\\\/\\\/perello1898.com\\\/wp-content\\\/uploads\\\/2026\\\/04\\\/piparra-vasca-vidre-135-g-perello-14-37-30.jpg\",\"width\":1000,\"height\":1000},{\"@type\":\"BreadcrumbList\",\"@id\":\"https:\\\/\\\/perello1898.com\\\/es\\\/producto\\\/guindilla-vasca-135-g-perell%c3%b3-1898\\\/#breadcrumb\",\"itemListElement\":[{\"@type\":\"ListItem\",\"position\":1,\"name\":\"Inici\",\"item\":\"https:\\\/\\\/perello1898.com\\\/\"},{\"@type\":\"ListItem\",\"position\":2,\"name\":\"Compra online\",\"item\":\"https:\\\/\\\/perello1898.com\\\/es\\\/compra-online\\\/\"},{\"@type\":\"ListItem\",\"position\":3,\"name\":\"Guindilla Vasca (135 g) Perell\u00f3 1898\"}]},{\"@type\":\"WebSite\",\"@id\":\"https:\\\/\\\/perello1898.com\\\/es\\\/#website\",\"url\":\"https:\\\/\\\/perello1898.com\\\/es\\\/\",\"name\":\"Perell\u00f3 1898\",\"description\":\"Gastronom\u00eda salada\",\"publisher\":{\"@id\":\"https:\\\/\\\/perello1898.com\\\/es\\\/#organization\"},\"potentialAction\":[{\"@type\":\"SearchAction\",\"target\":{\"@type\":\"EntryPoint\",\"urlTemplate\":\"https:\\\/\\\/perello1898.com\\\/es\\\/?s={search_term_string}\"},\"query-input\":{\"@type\":\"PropertyValueSpecification\",\"valueRequired\":true,\"valueName\":\"search_term_string\"}}],\"inLanguage\":\"es\"},{\"@type\":\"Organization\",\"@id\":\"https:\\\/\\\/perello1898.com\\\/es\\\/#organization\",\"name\":\"Perell\u00f3 1898\",\"url\":\"https:\\\/\\\/perello1898.com\\\/es\\\/\",\"logo\":{\"@type\":\"ImageObject\",\"inLanguage\":\"es\",\"@id\":\"https:\\\/\\\/perello1898.com\\\/es\\\/#\\\/schema\\\/logo\\\/image\\\/\",\"url\":\"https:\\\/\\\/perello1898.com\\\/wp-content\\\/uploads\\\/2021\\\/07\\\/5d8d98e7-b02a-4ca6-ba94-57579b3f399a.jpg\",\"contentUrl\":\"https:\\\/\\\/perello1898.com\\\/wp-content\\\/uploads\\\/2021\\\/07\\\/5d8d98e7-b02a-4ca6-ba94-57579b3f399a.jpg\",\"width\":345,\"height\":359,\"caption\":\"Perell\u00f3 1898\"},\"image\":{\"@id\":\"https:\\\/\\\/perello1898.com\\\/es\\\/#\\\/schema\\\/logo\\\/image\\\/\"},\"sameAs\":[\"https:\\\/\\\/facebook.com\\\/perello1898\",\"https:\\\/\\\/instagram.com\\\/perello1898\"]}]}<\/script>\n<!-- \/ Yoast SEO plugin. -->","yoast_head_json":{"title":"Guindilla Vasca (135 g) Perell\u00f3 1898 - Perello 1898","robots":{"index":"index","follow":"follow","max-snippet":"max-snippet:-1","max-image-preview":"max-image-preview:large","max-video-preview":"max-video-preview:-1"},"canonical":"https:\/\/perello1898.com\/es\/producto\/guindilla-vasca-135-g-perell\u00f3-1898\/","og_locale":"es_ES","og_type":"article","og_title":"Guindilla Vasca (135 g) Perell\u00f3 1898 - Perello 1898","og_description":"Piparras de origen vasco, conservadas en vinagre. Textura crujiente. Categor\u00eda: Calidad primera. Presentaci\u00f3n: 390 g (150 g peso neto escurrido)","og_url":"https:\/\/perello1898.com\/es\/producto\/guindilla-vasca-135-g-perell\u00f3-1898\/","og_site_name":"Perello 1898","article_publisher":"https:\/\/facebook.com\/perello1898","article_modified_time":"2026-04-09T12:49:19+00:00","og_image":[{"width":1000,"height":1000,"url":"https:\/\/perello1898.com\/wp-content\/uploads\/2026\/04\/piparra-vasca-vidre-135-g-perello-14-37-30.jpg","type":"image\/jpeg"}],"twitter_card":"summary_large_image","schema":{"@context":"https:\/\/schema.org","@graph":[{"@type":"WebPage","@id":"https:\/\/perello1898.com\/es\/producto\/guindilla-vasca-135-g-perell%c3%b3-1898\/","url":"https:\/\/perello1898.com\/es\/producto\/guindilla-vasca-135-g-perell%c3%b3-1898\/","name":"Guindilla Vasca (135 g) Perell\u00f3 1898 - Perello 1898","isPartOf":{"@id":"https:\/\/perello1898.com\/es\/#website"},"primaryImageOfPage":{"@id":"https:\/\/perello1898.com\/es\/producto\/guindilla-vasca-135-g-perell%c3%b3-1898\/#primaryimage"},"image":{"@id":"https:\/\/perello1898.com\/es\/producto\/guindilla-vasca-135-g-perell%c3%b3-1898\/#primaryimage"},"thumbnailUrl":"https:\/\/perello1898.com\/wp-content\/uploads\/2026\/04\/piparra-vasca-vidre-135-g-perello-14-37-30.jpg","datePublished":"2026-04-09T12:37:39+00:00","dateModified":"2026-04-09T12:49:19+00:00","breadcrumb":{"@id":"https:\/\/perello1898.com\/es\/producto\/guindilla-vasca-135-g-perell%c3%b3-1898\/#breadcrumb"},"inLanguage":"es","potentialAction":[{"@type":"ReadAction","target":["https:\/\/perello1898.com\/es\/producto\/guindilla-vasca-135-g-perell%c3%b3-1898\/"]}]},{"@type":"ImageObject","inLanguage":"es","@id":"https:\/\/perello1898.com\/es\/producto\/guindilla-vasca-135-g-perell%c3%b3-1898\/#primaryimage","url":"https:\/\/perello1898.com\/wp-content\/uploads\/2026\/04\/piparra-vasca-vidre-135-g-perello-14-37-30.jpg","contentUrl":"https:\/\/perello1898.com\/wp-content\/uploads\/2026\/04\/piparra-vasca-vidre-135-g-perello-14-37-30.jpg","width":1000,"height":1000},{"@type":"BreadcrumbList","@id":"https:\/\/perello1898.com\/es\/producto\/guindilla-vasca-135-g-perell%c3%b3-1898\/#breadcrumb","itemListElement":[{"@type":"ListItem","position":1,"name":"Inici","item":"https:\/\/perello1898.com\/"},{"@type":"ListItem","position":2,"name":"Compra online","item":"https:\/\/perello1898.com\/es\/compra-online\/"},{"@type":"ListItem","position":3,"name":"Guindilla Vasca (135 g) Perell\u00f3 1898"}]},{"@type":"WebSite","@id":"https:\/\/perello1898.com\/es\/#website","url":"https:\/\/perello1898.com\/es\/","name":"Perell\u00f3 1898","description":"Gastronom\u00eda salada","publisher":{"@id":"https:\/\/perello1898.com\/es\/#organization"},"potentialAction":[{"@type":"SearchAction","target":{"@type":"EntryPoint","urlTemplate":"https:\/\/perello1898.com\/es\/?s={search_term_string}"},"query-input":{"@type":"PropertyValueSpecification","valueRequired":true,"valueName":"search_term_string"}}],"inLanguage":"es"},{"@type":"Organization","@id":"https:\/\/perello1898.com\/es\/#organization","name":"Perell\u00f3 1898","url":"https:\/\/perello1898.com\/es\/","logo":{"@type":"ImageObject","inLanguage":"es","@id":"https:\/\/perello1898.com\/es\/#\/schema\/logo\/image\/","url":"https:\/\/perello1898.com\/wp-content\/uploads\/2021\/07\/5d8d98e7-b02a-4ca6-ba94-57579b3f399a.jpg","contentUrl":"https:\/\/perello1898.com\/wp-content\/uploads\/2021\/07\/5d8d98e7-b02a-4ca6-ba94-57579b3f399a.jpg","width":345,"height":359,"caption":"Perell\u00f3 1898"},"image":{"@id":"https:\/\/perello1898.com\/es\/#\/schema\/logo\/image\/"},"sameAs":["https:\/\/facebook.com\/perello1898","https:\/\/instagram.com\/perello1898"]}]}},"_links":{"self":[{"href":"https:\/\/perello1898.com\/es\/wp-json\/wp\/v2\/product\/34231","targetHints":{"allow":["GET"]}}],"collection":[{"href":"https:\/\/perello1898.com\/es\/wp-json\/wp\/v2\/product"}],"about":[{"href":"https:\/\/perello1898.com\/es\/wp-json\/wp\/v2\/types\/product"}],"version-history":[{"count":1,"href":"https:\/\/perello1898.com\/es\/wp-json\/wp\/v2\/product\/34231\/revisions"}],"predecessor-version":[{"id":34388,"href":"https:\/\/perello1898.com\/es\/wp-json\/wp\/v2\/product\/34231\/revisions\/34388"}],"wp:featuredmedia":[{"embeddable":true,"href":"https:\/\/perello1898.com\/es\/wp-json\/wp\/v2\/media\/34227"}],"wp:attachment":[{"href":"https:\/\/perello1898.com\/es\/wp-json\/wp\/v2\/media?parent=34231"}],"wp:term":[{"taxonomy":"product_brand","embeddable":true,"href":"https:\/\/perello1898.com\/es\/wp-json\/wp\/v2\/product_brand?post=34231"},{"taxonomy":"product_cat","embeddable":true,"href":"https:\/\/perello1898.com\/es\/wp-json\/wp\/v2\/product_cat?post=34231"},{"taxonomy":"product_tag","embeddable":true,"href":"https:\/\/perello1898.com\/es\/wp-json\/wp\/v2\/product_tag?post=34231"}],"curies":[{"name":"wp","href":"https:\/\/api.w.org\/{rel}","templated":true}]}}